{"id":5693,"date":"2021-01-21T15:39:24","date_gmt":"2021-01-21T15:39:24","guid":{"rendered":"https:\/\/blowtherm.it\/beta\/?page_id=5693"},"modified":"2023-07-24T11:23:26","modified_gmt":"2023-07-24T09:23:26","slug":"contatta-esperti-blowtherm-verniciatura","status":"publish","type":"page","link":"https:\/\/www.blowtherm.si\/sl\/povezi-se-z-nasimi-strokovnjaki-blowtherm\/","title":{"rendered":"Pove\u017ei se z na\u0161imi strokovnjaki Blowtherm"},"content":{"rendered":"","protected":false},"excerpt":{"rendered":"<p>Izbolj\u0161ajte svojo dejavnost s pomo\u010djo na\u0161e ekipe strokovnjakov<\/p>\n","protected":false},"author":1,"featured_media":0,"parent":0,"menu_order":6,"comment_status":"closed","ping_status":"closed","template":"","meta":{"_monsterinsights_skip_tracking":false,"_monsterinsights_sitenote_active":false,"_monsterinsights_sitenote_note":"","_monsterinsights_sitenote_category":0,"footnotes":""},"class_list":["post-5693","page","type-page","status-publish","hentry"],"acf":[],"aioseo_notices":[],"_links":{"self":[{"href":"https:\/\/www.blowtherm.si\/sl\/wp-json\/wp\/v2\/pages\/5693","targetHints":{"allow":["GET"]}}],"collection":[{"href":"https:\/\/www.blowtherm.si\/sl\/wp-json\/wp\/v2\/pages"}],"about":[{"href":"https:\/\/www.blowtherm.si\/sl\/wp-json\/wp\/v2\/types\/page"}],"author":[{"embeddable":true,"href":"https:\/\/www.blowtherm.si\/sl\/wp-json\/wp\/v2\/users\/1"}],"replies":[{"embeddable":true,"href":"https:\/\/www.blowtherm.si\/sl\/wp-json\/wp\/v2\/comments?post=5693"}],"version-history":[{"count":5,"href":"https:\/\/www.blowtherm.si\/sl\/wp-json\/wp\/v2\/pages\/5693\/revisions"}],"predecessor-version":[{"id":11846,"href":"https:\/\/www.blowtherm.si\/sl\/wp-json\/wp\/v2\/pages\/5693\/revisions\/11846"}],"wp:attachment":[{"href":"https:\/\/www.blowtherm.si\/sl\/wp-json\/wp\/v2\/media?parent=5693"}],"curies":[{"name":"wp","href":"https:\/\/api.w.org\/{rel}","templated":true}]}}