{"id":10707,"date":"2022-12-07T10:18:17","date_gmt":"2022-12-07T10:18:17","guid":{"rendered":"https:\/\/blowtherm.it\/beta\/?page_id=10707"},"modified":"2023-07-24T18:03:04","modified_gmt":"2023-07-24T16:03:04","slug":"assistenza-remota-blowtherm","status":"publish","type":"page","link":"https:\/\/www.blowtherm.si\/sl\/podpora-kupcem-in-servis-blowtherm\/blowtherm-connect-podpora-na-daljavo\/","title":{"rendered":"Blowtherm connect &#8211; podpora na daljavo"},"content":{"rendered":"<p><\/p>\n<h2>Podpora na daljavo Blowtherm. Vedno, kadar jo potrebujemo.<\/h2>\n<p>&nbsp;<\/p>\n<section class=\"elementor-section elementor-top-section elementor-element elementor-element-1aeb41e elementor-section-boxed elementor-section-height-default elementor-section-height-default\" data-id=\"1aeb41e\" data-element_type=\"section\">\n<div class=\"elementor-container elementor-column-gap-default\">\n<div class=\"elementor-row\">\n<div class=\"elementor-column elementor-col-100 elementor-top-column elementor-element elementor-element-1eab1c1\" data-id=\"1eab1c1\" data-element_type=\"column\">\n<div class=\"elementor-column-wrap elementor-element-populated\">\n<div class=\"elementor-widget-wrap\">\n<div class=\"elementor-element elementor-element-ce896b9 elementor-widget elementor-widget-text-editor\" data-id=\"ce896b9\" data-element_type=\"widget\" data-widget_type=\"text-editor.default\">\n<div class=\"elementor-widget-container\">\n<div class=\"elementor-text-editor elementor-clearfix\">\n<p>Z modernimi sistemi diagnostike na daljavo in usposobljenim strokovnim osebjem zagotavlja Blowtherm pravo\u010dasne analize napak delovanja va\u0161ega postrojenja. Globalna storitev za pove\u010danje u\u010dinkovitosti va\u0161ega dela in zmanj\u0161anje stro\u0161ka zaradi postrojenja, ki zaradi okvare ne deluje.<\/p>\n<\/div>\n<\/div>\n<\/div>\n<\/div>\n<\/div>\n<\/div>\n<\/div>\n<\/div>\n<\/section>\n<section class=\"elementor-section elementor-top-section elementor-element elementor-element-0343ada elementor-section-boxed elementor-section-height-default elementor-section-height-default\" data-id=\"0343ada\" data-element_type=\"section\">\n<div class=\"elementor-container elementor-column-gap-default\">\n<div class=\"elementor-row\">\n<div class=\"elementor-column elementor-col-100 elementor-top-column elementor-element elementor-element-8692a69\" data-id=\"8692a69\" data-element_type=\"column\">\n<div class=\"elementor-column-wrap elementor-element-populated\">\n<div class=\"elementor-widget-wrap\">\n<div class=\"elementor-element elementor-element-46fd2fb elementor-widget elementor-widget-heading\" data-id=\"46fd2fb\" data-element_type=\"widget\" data-widget_type=\"heading.default\">\n<div class=\"elementor-widget-container\">\n<h3 class=\"elementor-heading-title elementor-size-default fusion-responsive-typography-calculated\" data-fontsize=\"24\" data-lineheight=\"24px\">Kaj je podpora na daljavo Blowtherm<\/h3>\n<\/div>\n<\/div>\n<div class=\"elementor-element elementor-element-1cdf573 elementor-widget elementor-widget-text-editor\" data-id=\"1cdf573\" data-element_type=\"widget\" data-widget_type=\"text-editor.default\">\n<div class=\"elementor-widget-container\">\n<div class=\"elementor-text-editor elementor-clearfix\">\n<p>Gre za storitev <strong>tehni\u010dne podpore na daljavo<\/strong>, s posredovanjem specializiranega tehnika na daljavo, ki ponudi izku\u0161nje in tehni\u010dno znanje za re\u0161itev te\u017eav glede delovanja postrojenja. Poteka lahko na dva na\u010dina:<\/p>\n<ul>\n<li>Z <strong>neposredno interakcijo<\/strong>, s tehnikom, ki ima neposreden dostop do <a title=\"PLC z zaslonom na dotik za sisteme za lakiranje\" href=\"https:\/\/www.blowtherm.si\/prodotto\/plc-z-zaslonom-na-dotik-za-sisteme-za-lakiranje\/\">PLC Blowtherm<\/a>, vgrajenega na stroju, in stroj na daljavo upravlja za re\u0161itev nastale te\u017eave;<\/li>\n<li>s <strong>posredno interakcijo<\/strong>, s tehnikom, ki uporabnika preko telefonskega\u00a0 ali video klica korak za korakom vodi pri re\u0161evanju te\u017eave.<\/li>\n<\/ul>\n<p>Med sejo daljinske podpore bo mogo\u010de neposredno komunicirati s tehnikom, in z njim izmenjevati informacije, ki koristijo re\u0161evanju te\u017eave.<\/p>\n<\/div>\n<\/div>\n<\/div>\n<\/div>\n<\/div>\n<\/div>\n<\/div>\n<\/div>\n<\/section>\n<section class=\"elementor-section elementor-top-section elementor-element elementor-element-e2f75f7 elementor-section-boxed elementor-section-height-default elementor-section-height-default\" data-id=\"e2f75f7\" data-element_type=\"section\">\n<div class=\"elementor-container elementor-column-gap-default\">\n<div class=\"elementor-row\">\n<div class=\"elementor-column elementor-col-100 elementor-top-column elementor-element elementor-element-6663ad8\" data-id=\"6663ad8\" data-element_type=\"column\">\n<div class=\"elementor-column-wrap elementor-element-populated\">\n<div class=\"elementor-widget-wrap\">\n<div class=\"elementor-element elementor-element-b621179 elementor-widget elementor-widget-heading\" data-id=\"b621179\" data-element_type=\"widget\" data-widget_type=\"heading.default\">\n<div class=\"elementor-widget-container\">\n<h3 class=\"elementor-heading-title elementor-size-default fusion-responsive-typography-calculated\" data-fontsize=\"24\" data-lineheight=\"24px\">Prednosti podpore na daljavo Blowtherm<\/h3>\n<\/div>\n<\/div>\n<div class=\"elementor-element elementor-element-1d48293 elementor-widget elementor-widget-text-editor\" data-id=\"1d48293\" data-element_type=\"widget\" data-widget_type=\"text-editor.default\">\n<div class=\"elementor-widget-container\">\n<div class=\"elementor-text-editor elementor-clearfix\">\n<p>Prednosti na\u0161e podpore na daljavo so \u0161tevilne:<\/p>\n<ul>\n<li><strong>Predvidevanje mo\u017enih te\u017eav pri delovanju.<\/strong> Mo\u017enost intervencije prej, preden do te\u017eave sploh pride, z analiziranjem delovanja stroja.<\/li>\n<li><strong>Skraj\u0161an \u010das, ko postrojenje ne deluje<\/strong>. \u010cas posega kraj\u0161i, kot v primeru fizi\u010dne prisotnosti vzdr\u017eevalca, kar zmanj\u0161a stro\u0161ke zaradi zastoja v primeru okvare.<\/li>\n<li><strong>Manj\u0161i stro\u0161ki vzdr\u017eevanja<\/strong>. Podpora na daljavo stane manj kot podpora na mestu samem, ko je treba serviserja poslati na pot.<\/li>\n<\/ul>\n<\/div>\n<\/div>\n<\/div>\n<\/div>\n<\/div>\n<\/div>\n<\/div>\n<\/div>\n<\/section>\n<section class=\"elementor-section elementor-top-section elementor-element elementor-element-525ebb1 elementor-section-boxed elementor-section-height-default elementor-section-height-default\" data-id=\"525ebb1\" data-element_type=\"section\">\n<div class=\"elementor-container elementor-column-gap-default\">\n<div class=\"elementor-row\">\n<div class=\"elementor-column elementor-col-100 elementor-top-column elementor-element elementor-element-25d4db8\" data-id=\"25d4db8\" data-element_type=\"column\">\n<div class=\"elementor-column-wrap elementor-element-populated\">\n<div class=\"elementor-widget-wrap\">\n<div class=\"elementor-element elementor-element-ce87817 elementor-widget elementor-widget-heading\" data-id=\"ce87817\" data-element_type=\"widget\" data-widget_type=\"heading.default\">\n<div class=\"elementor-widget-container\">\n<h3 class=\"elementor-heading-title elementor-size-default fusion-responsive-typography-calculated\" data-fontsize=\"24\" data-lineheight=\"24px\">Kako deluje podpora na daljavo Blowtherm<\/h3>\n<\/div>\n<\/div>\n<\/div>\n<\/div>\n<\/div>\n<\/div>\n<\/div>\n<\/section>\n<section class=\"elementor-section elementor-top-section elementor-element elementor-element-a0c6da9 elementor-section-boxed elementor-section-height-default elementor-section-height-default\" data-id=\"a0c6da9\" data-element_type=\"section\">\n<div class=\"elementor-container elementor-column-gap-default\">\n<div class=\"elementor-row\">\n<div class=\"elementor-column elementor-col-100 elementor-top-column elementor-element elementor-element-ef8f630\" data-id=\"ef8f630\" data-element_type=\"column\">\n<div class=\"elementor-column-wrap elementor-element-populated\">\n<div class=\"elementor-widget-wrap\">\n<div class=\"elementor-element elementor-element-00e50a9 elementor-widget elementor-widget-text-editor\" data-id=\"00e50a9\" data-element_type=\"widget\" data-widget_type=\"text-editor.default\">\n<div class=\"elementor-widget-container\">\n<div class=\"elementor-text-editor elementor-clearfix\">\n<p>Za podporo na daljavo z neposredno interakcijo mora biti postrojenje opremljeno s krmilnikom <a title=\"PLC z zaslonom na dotik za sisteme za lakiranje\" href=\"https:\/\/www.blowtherm.si\/prodotto\/plc-z-zaslonom-na-dotik-za-sisteme-za-lakiranje\/\">PLC Blowtherm<\/a>.<\/p>\n<p>Na tak na\u010din se serviser lahko daljinsko pove\u017ee s strojem in opravi poglobljeno diagnostiko, oceni vzrok za te\u017eavo in posreduje neposredno z nadzorovanjem in upravljanjem stroja, kot bi bil ob njem. So\u010dasno bo z uporabnikom lahko izmenjeval informacije, da bi la\u017eje prepoznal in odpravil napako.<\/p>\n<p>\u010ce te\u017eava na daljavo ni re\u0161ljiva, je na mesto mogo\u010de poslati tehnika, ki pa bo \u017ee obve\u0161\u010den o vzroku in najhitrej\u0161i re\u0161itvi te\u017eave, kar bo skraj\u0161alo \u010das posega.<\/p>\n<\/div>\n<\/div>\n<\/div>\n<\/div>\n<\/div>\n<\/div>\n<\/div>\n<\/div>\n<\/section>\n<p><\/p>","protected":false},"excerpt":{"rendered":"<p>Podpora na daljavo Blowtherm. Vedno, kadar jo potrebujemo.<\/p>\n","protected":false},"author":1,"featured_media":2059,"parent":10435,"menu_order":2,"comment_status":"closed","ping_status":"closed","template":"","meta":{"_monsterinsights_skip_tracking":false,"_monsterinsights_sitenote_active":false,"_monsterinsights_sitenote_note":"","_monsterinsights_sitenote_category":0,"footnotes":""},"class_list":["post-10707","page","type-page","status-publish","has-post-thumbnail","hentry"],"acf":[],"aioseo_notices":[],"_links":{"self":[{"href":"https:\/\/www.blowtherm.si\/sl\/wp-json\/wp\/v2\/pages\/10707","targetHints":{"allow":["GET"]}}],"collection":[{"href":"https:\/\/www.blowtherm.si\/sl\/wp-json\/wp\/v2\/pages"}],"about":[{"href":"https:\/\/www.blowtherm.si\/sl\/wp-json\/wp\/v2\/types\/page"}],"author":[{"embeddable":true,"href":"https:\/\/www.blowtherm.si\/sl\/wp-json\/wp\/v2\/users\/1"}],"replies":[{"embeddable":true,"href":"https:\/\/www.blowtherm.si\/sl\/wp-json\/wp\/v2\/comments?post=10707"}],"version-history":[{"count":4,"href":"https:\/\/www.blowtherm.si\/sl\/wp-json\/wp\/v2\/pages\/10707\/revisions"}],"predecessor-version":[{"id":11854,"href":"https:\/\/www.blowtherm.si\/sl\/wp-json\/wp\/v2\/pages\/10707\/revisions\/11854"}],"up":[{"embeddable":true,"href":"https:\/\/www.blowtherm.si\/sl\/wp-json\/wp\/v2\/pages\/10435"}],"wp:featuredmedia":[{"embeddable":true,"href":"https:\/\/www.blowtherm.si\/sl\/wp-json\/wp\/v2\/media\/2059"}],"wp:attachment":[{"href":"https:\/\/www.blowtherm.si\/sl\/wp-json\/wp\/v2\/media?parent=10707"}],"curies":[{"name":"wp","href":"https:\/\/api.w.org\/{rel}","templated":true}]}}