{"id":10537,"date":"2022-11-16T08:04:47","date_gmt":"2022-11-16T08:04:47","guid":{"rendered":"https:\/\/blowtherm.it\/beta\/?page_id=10537"},"modified":"2023-07-24T18:07:39","modified_gmt":"2023-07-24T16:07:39","slug":"blowtherm-service-care","status":"publish","type":"page","link":"https:\/\/www.blowtherm.si\/sl\/podpora-kupcem-in-servis-blowtherm\/blowtherm-programiran-servis-service-care\/","title":{"rendered":"Blowtherm Programiran servis &#8211; Service Care"},"content":{"rendered":"<p><\/p>\n<h2>Paketi programiranega vzdr\u017eevanja za komore in postrojenja za lakiranje<\/h2>\n<p>Neprenehno in programirano vzdr\u017eevanje postrojenje ohranja vedno u\u010dinkovito in prepre\u010duje prekinitve delovanja, nepredvidene okvare in zaustavitve proizvodnje. Paketi vzdr\u017eevanja Blowtherm zagotavljajo:<\/p>\n<ul class=\"highlight\">\n<li>Jamstvo za <strong>u\u010dinkovitost in trajnost zmogljivosti<\/strong> naprav, s predvidljivo zmogljivostjo.<\/li>\n<li><strong>Predvidevanje stro\u0161kov<\/strong> na osnovi vnaprej predvidenih pogodbenih zneskov.<\/li>\n<li><strong>Vklju\u010dene popuste<\/strong> na porabni material (filtri) in nadomestne del.<\/li>\n<li><strong>Sprotno diagnostiko<\/strong> morebitnih napak in hiter poseg v primeru okvare.<\/li>\n<li><strong>Preventivne posege<\/strong>, ki prepre\u010dujejo nepredvidene prekinitve dela.<\/li>\n<li><strong>Preglede in vzdr\u017eevanje v rednih \u010dasovnih intervalih<\/strong>, ki podalj\u0161ajo dobo uporabnosti strojev.<\/li>\n<li><strong>Poobla\u0161\u010dene serviserje<\/strong>, usposobljene neposredno pri Blowthermu<\/li>\n<\/ul>\n<p><\/p>","protected":false},"excerpt":{"rendered":"<p>Paketi programiranega vzdr\u017eevanja za komore in postrojenja za lakiranje Neprenehno in programirano vzdr\u017eevanje postrojenje ohranja vedno u\u010dinkovito in prepre\u010duje prekinitve delovanja, nepredvidene okvare in zaustavitve proizvodnje. Paketi vzdr\u017eevanja Blowtherm zagotavljajo: Jamstvo za u\u010dinkovitost in trajnost zmogljivosti naprav, s predvidljivo zmogljivostjo. Predvidevanje stro\u0161kov na osnovi vnaprej predvidenih pogodbenih zneskov. Vklju\u010dene popuste na porabni material (filtri) in [&hellip;]<\/p>\n","protected":false},"author":1,"featured_media":0,"parent":10435,"menu_order":1,"comment_status":"closed","ping_status":"closed","template":"","meta":{"_monsterinsights_skip_tracking":false,"_monsterinsights_sitenote_active":false,"_monsterinsights_sitenote_note":"","_monsterinsights_sitenote_category":0,"footnotes":""},"class_list":["post-10537","page","type-page","status-publish","hentry"],"acf":[],"aioseo_notices":[],"_links":{"self":[{"href":"https:\/\/www.blowtherm.si\/sl\/wp-json\/wp\/v2\/pages\/10537","targetHints":{"allow":["GET"]}}],"collection":[{"href":"https:\/\/www.blowtherm.si\/sl\/wp-json\/wp\/v2\/pages"}],"about":[{"href":"https:\/\/www.blowtherm.si\/sl\/wp-json\/wp\/v2\/types\/page"}],"author":[{"embeddable":true,"href":"https:\/\/www.blowtherm.si\/sl\/wp-json\/wp\/v2\/users\/1"}],"replies":[{"embeddable":true,"href":"https:\/\/www.blowtherm.si\/sl\/wp-json\/wp\/v2\/comments?post=10537"}],"version-history":[{"count":5,"href":"https:\/\/www.blowtherm.si\/sl\/wp-json\/wp\/v2\/pages\/10537\/revisions"}],"predecessor-version":[{"id":11857,"href":"https:\/\/www.blowtherm.si\/sl\/wp-json\/wp\/v2\/pages\/10537\/revisions\/11857"}],"up":[{"embeddable":true,"href":"https:\/\/www.blowtherm.si\/sl\/wp-json\/wp\/v2\/pages\/10435"}],"wp:attachment":[{"href":"https:\/\/www.blowtherm.si\/sl\/wp-json\/wp\/v2\/media?parent=10537"}],"curies":[{"name":"wp","href":"https:\/\/api.w.org\/{rel}","templated":true}]}}